{"id":4883,"date":"2024-09-15T13:37:35","date_gmt":"2024-09-15T13:37:35","guid":{"rendered":"https:\/\/cinemambulante.com\/?page_id=4883"},"modified":"2024-09-15T14:50:50","modified_gmt":"2024-09-15T14:50:50","slug":"location-guide","status":"publish","type":"page","link":"https:\/\/cinemambulante.com\/en\/location-guide\/","title":{"rendered":"Location Guide of Amantea in Calabria"},"content":{"rendered":"<div class=\"wpb-content-wrapper\">[vc_row][vc_column][vc_column_text css=&#8221;&#8221;]\n<p style=\"text-align: justify;\"><span style=\"font-size: 18pt;\"><strong>Amantea<\/strong> is located in the <strong>Tyrrhenian<\/strong> coast of <strong>Calabria<\/strong>, a beautiful and not so well-known region in southern <strong>Italy<\/strong>. The town hosts <strong>14000<\/strong> inhabitants.\u00a0<\/span><\/p>\n<p style=\"text-align: justify;\">The <strong>history<\/strong> of Calabria is very <strong>ancient<\/strong> and complex: nowadays it is a <strong>melting<\/strong> pot of <strong>cultures<\/strong> from <strong>Ancient Greek<\/strong> to <strong>Modern Italian<\/strong>, including<strong> Arb\u00ebr\u00ebsh\u00eb<\/strong>, <strong>Albanese<\/strong>, <strong>African<\/strong> and <strong>Latin American<\/strong> cultures, as the result of many dominations and migrations in the past. Amantea is just one of many examples of this cultural commingling: the ancient <strong>castle<\/strong> belongs to the <strong>Byzantine<\/strong> period while churches from different ages have been built through all the town.<\/p>\n<p style=\"text-align: justify;\">Compared to the rest of Italy, <strong>Calabria<\/strong> is a poor region with a high rate of unemployment and serious social troubles. Young people are pushed to go abroad in order to find jobs and opportunities, leaving the cities and their families in a complex generational situation.<\/p>\n<p style=\"text-align: justify;\">On the other side, ancient and charming traditions are still rooted in Calabria which makes every location unique and different. Here you will find an impressive and <strong>heterogeneous<\/strong> plethora of <strong>dialects<\/strong>, <strong>folk music<\/strong> and <strong>dances<\/strong>, catholic and pagan rituals, recipes, professions and geographical scenarios. You can also find <strong>mountains<\/strong> located a few kilometres away from the <strong>coast<\/strong> and shepherds selling their products next to<strong> fishermen<\/strong>.<\/p>\n[\/vc_column_text][\/vc_column][\/vc_row][vc_row][vc_column][vc_single_image image=&#8221;4834&#8243; img_size=&#8221;full&#8221; alignment=&#8221;center&#8221; css=&#8221;&#8221; title=&#8221;LIDO AZURRO BEACH&#8221;][\/vc_column][\/vc_row][vc_row][vc_column][vc_single_image image=&#8221;4836&#8243; img_size=&#8221;full&#8221; alignment=&#8221;center&#8221; css=&#8221;&#8221; title=&#8221;CALAVECHIA SQUARE&#8221;][\/vc_column][\/vc_row][vc_row][vc_column][vc_single_image image=&#8221;4838&#8243; img_size=&#8221;full&#8221; alignment=&#8221;center&#8221; css=&#8221;&#8221; title=&#8221;LARGO CHIANURA&#8221;][\/vc_column][\/vc_row][vc_row][vc_column][vc_single_image image=&#8221;4840&#8243; img_size=&#8221;full&#8221; alignment=&#8221;center&#8221; css=&#8221;&#8221; title=&#8221;AMANTEA CEMENTERY&#8221;][\/vc_column][\/vc_row][vc_row][vc_column][vc_single_image image=&#8221;4842&#8243; img_size=&#8221;full&#8221; alignment=&#8221;center&#8221; css=&#8221;&#8221; title=&#8221;SAN FRANCESCO D&#8217;ASSISI CHURCH&#8221;][\/vc_column][\/vc_row][vc_row][vc_column][vc_single_image image=&#8221;4844&#8243; img_size=&#8221;full&#8221; alignment=&#8221;center&#8221; css=&#8221;&#8221; title=&#8221;TOWER OF AMANTEA&#8221;][\/vc_column][\/vc_row][vc_row][vc_column][vc_single_image image=&#8221;4846&#8243; img_size=&#8221;full&#8221; alignment=&#8221;center&#8221; css=&#8221;&#8221; title=&#8221;CORECA&#8221;][\/vc_column][\/vc_row][vc_row][vc_column][vc_single_image image=&#8221;4848&#8243; img_size=&#8221;full&#8221; alignment=&#8221;center&#8221; css=&#8221;&#8221; title=&#8221;CORSO UMBERTO, HISTORIC CENTER&#8221;][\/vc_column][\/vc_row][vc_row][vc_column][vc_single_image image=&#8221;4850&#8243; img_size=&#8221;full&#8221; alignment=&#8221;center&#8221; css=&#8221;&#8221; title=&#8221;SHOPPING&#8221;][\/vc_column][\/vc_row][vc_row][vc_column][vc_single_image image=&#8221;4852&#8243; img_size=&#8221;full&#8221; alignment=&#8221;center&#8221; css=&#8221;&#8221; title=&#8221;BASKETBALL COURT, SEASIDE&#8221;][\/vc_column][\/vc_row][vc_row][vc_column][vc_single_image image=&#8221;4854&#8243; img_size=&#8221;full&#8221; alignment=&#8221;center&#8221; css=&#8221;&#8221; title=&#8221;CATHOLIC STATUE, SEASIDE&#8221;][\/vc_column][\/vc_row][vc_row][vc_column][vc_single_image image=&#8221;4856&#8243; img_size=&#8221;full&#8221; alignment=&#8221;center&#8221; css=&#8221;&#8221; title=&#8221;RESTAURANT, SEASIDE&#8221;][\/vc_column][\/vc_row][vc_row][vc_column][vc_single_image image=&#8221;4858&#8243; img_size=&#8221;full&#8221; alignment=&#8221;center&#8221; css=&#8221;&#8221; title=&#8221;LOCAL MARKET&#8221;][\/vc_column][\/vc_row]\n<\/div>","protected":false},"excerpt":{"rendered":"<p>[vc_row][vc_column][vc_column_text css=&#8221;&#8221;] Amantea is located in the Tyrrhenian coast of Calabria, a beautiful and not so well-known region in southern Italy. The town hosts 14000 inhabitants.\u00a0 The history of Calabria is very ancient and complex: nowadays it is a melting pot of cultures from Ancient Greek to Modern Italian, including Arb\u00ebr\u00ebsh\u00eb, Albanese, African and Latin [&hellip;]<\/p>\n","protected":false},"author":1,"featured_media":0,"parent":0,"menu_order":0,"comment_status":"closed","ping_status":"closed","template":"page-full-width.php","meta":{"jetpack_post_was_ever_published":false,"footnotes":""},"class_list":["post-4883","page","type-page","status-publish","hentry"],"yoast_head":"<!-- This site is optimized with the Yoast SEO plugin v25.3.1 - https:\/\/yoast.com\/wordpress\/plugins\/seo\/ -->\n<title>Location Guide of Amantea in Calabria - Cinemambulante<\/title>\n<meta name=\"robots\" content=\"index, follow, max-snippet:-1, max-image-preview:large, max-video-preview:-1\" \/>\n<link rel=\"canonical\" href=\"https:\/\/cinemambulante.com\/en\/location-guide\/\" \/>\n<meta property=\"og:locale\" content=\"en_US\" \/>\n<meta property=\"og:type\" content=\"article\" \/>\n<meta property=\"og:title\" content=\"Location Guide of Amantea in Calabria - Cinemambulante\" \/>\n<meta property=\"og:description\" content=\"[vc_row][vc_column][vc_column_text css=&#8221;&#8221;] Amantea is located in the Tyrrhenian coast of Calabria, a beautiful and not so well-known region in southern Italy. The town hosts 14000 inhabitants.\u00a0 The history of Calabria is very ancient and complex: nowadays it is a melting pot of cultures from Ancient Greek to Modern Italian, including Arb\u00ebr\u00ebsh\u00eb, Albanese, African and Latin [&hellip;]\" \/>\n<meta property=\"og:url\" content=\"https:\/\/cinemambulante.com\/en\/location-guide\/\" \/>\n<meta property=\"og:site_name\" content=\"Cinemambulante\" \/>\n<meta property=\"article:modified_time\" content=\"2024-09-15T14:50:50+00:00\" \/>\n<meta name=\"twitter:card\" content=\"summary_large_image\" \/>\n<meta name=\"twitter:label1\" content=\"Est. reading time\" \/>\n\t<meta name=\"twitter:data1\" content=\"7 minutes\" \/>\n<script type=\"application\/ld+json\" class=\"yoast-schema-graph\">{\"@context\":\"https:\/\/schema.org\",\"@graph\":[{\"@type\":\"WebPage\",\"@id\":\"https:\/\/cinemambulante.com\/en\/location-guide\/\",\"url\":\"https:\/\/cinemambulante.com\/en\/location-guide\/\",\"name\":\"Location Guide of Amantea in Calabria - Cinemambulante\",\"isPartOf\":{\"@id\":\"http:\/\/cinemambulante.com\/#website\"},\"datePublished\":\"2024-09-15T13:37:35+00:00\",\"dateModified\":\"2024-09-15T14:50:50+00:00\",\"breadcrumb\":{\"@id\":\"https:\/\/cinemambulante.com\/en\/location-guide\/#breadcrumb\"},\"inLanguage\":\"en-US\",\"potentialAction\":[{\"@type\":\"ReadAction\",\"target\":[\"https:\/\/cinemambulante.com\/en\/location-guide\/\"]}]},{\"@type\":\"BreadcrumbList\",\"@id\":\"https:\/\/cinemambulante.com\/en\/location-guide\/#breadcrumb\",\"itemListElement\":[{\"@type\":\"ListItem\",\"position\":1,\"name\":\"Home\",\"item\":\"http:\/\/cinemambulante.com\/en\/\"},{\"@type\":\"ListItem\",\"position\":2,\"name\":\"Location Guide of Amantea in Calabria\"}]},{\"@type\":\"WebSite\",\"@id\":\"http:\/\/cinemambulante.com\/#website\",\"url\":\"http:\/\/cinemambulante.com\/\",\"name\":\"Cinemambulante\",\"description\":\"storie di integrazione\",\"potentialAction\":[{\"@type\":\"SearchAction\",\"target\":{\"@type\":\"EntryPoint\",\"urlTemplate\":\"http:\/\/cinemambulante.com\/?s={search_term_string}\"},\"query-input\":{\"@type\":\"PropertyValueSpecification\",\"valueRequired\":true,\"valueName\":\"search_term_string\"}}],\"inLanguage\":\"en-US\"}]}<\/script>\n<!-- \/ Yoast SEO plugin. -->","yoast_head_json":{"title":"Location Guide of Amantea in Calabria - Cinemambulante","robots":{"index":"index","follow":"follow","max-snippet":"max-snippet:-1","max-image-preview":"max-image-preview:large","max-video-preview":"max-video-preview:-1"},"canonical":"https:\/\/cinemambulante.com\/en\/location-guide\/","og_locale":"en_US","og_type":"article","og_title":"Location Guide of Amantea in Calabria - Cinemambulante","og_description":"[vc_row][vc_column][vc_column_text css=&#8221;&#8221;] Amantea is located in the Tyrrhenian coast of Calabria, a beautiful and not so well-known region in southern Italy. The town hosts 14000 inhabitants.\u00a0 The history of Calabria is very ancient and complex: nowadays it is a melting pot of cultures from Ancient Greek to Modern Italian, including Arb\u00ebr\u00ebsh\u00eb, Albanese, African and Latin [&hellip;]","og_url":"https:\/\/cinemambulante.com\/en\/location-guide\/","og_site_name":"Cinemambulante","article_modified_time":"2024-09-15T14:50:50+00:00","twitter_card":"summary_large_image","twitter_misc":{"Est. reading time":"7 minutes"},"schema":{"@context":"https:\/\/schema.org","@graph":[{"@type":"WebPage","@id":"https:\/\/cinemambulante.com\/en\/location-guide\/","url":"https:\/\/cinemambulante.com\/en\/location-guide\/","name":"Location Guide of Amantea in Calabria - Cinemambulante","isPartOf":{"@id":"http:\/\/cinemambulante.com\/#website"},"datePublished":"2024-09-15T13:37:35+00:00","dateModified":"2024-09-15T14:50:50+00:00","breadcrumb":{"@id":"https:\/\/cinemambulante.com\/en\/location-guide\/#breadcrumb"},"inLanguage":"en-US","potentialAction":[{"@type":"ReadAction","target":["https:\/\/cinemambulante.com\/en\/location-guide\/"]}]},{"@type":"BreadcrumbList","@id":"https:\/\/cinemambulante.com\/en\/location-guide\/#breadcrumb","itemListElement":[{"@type":"ListItem","position":1,"name":"Home","item":"http:\/\/cinemambulante.com\/en\/"},{"@type":"ListItem","position":2,"name":"Location Guide of Amantea in Calabria"}]},{"@type":"WebSite","@id":"http:\/\/cinemambulante.com\/#website","url":"http:\/\/cinemambulante.com\/","name":"Cinemambulante","description":"storie di integrazione","potentialAction":[{"@type":"SearchAction","target":{"@type":"EntryPoint","urlTemplate":"http:\/\/cinemambulante.com\/?s={search_term_string}"},"query-input":{"@type":"PropertyValueSpecification","valueRequired":true,"valueName":"search_term_string"}}],"inLanguage":"en-US"}]}},"jetpack_sharing_enabled":true,"jetpack_shortlink":"https:\/\/wp.me\/P8Ew5v-1gL","jetpack-related-posts":[],"_links":{"self":[{"href":"https:\/\/cinemambulante.com\/en\/wp-json\/wp\/v2\/pages\/4883","targetHints":{"allow":["GET"]}}],"collection":[{"href":"https:\/\/cinemambulante.com\/en\/wp-json\/wp\/v2\/pages"}],"about":[{"href":"https:\/\/cinemambulante.com\/en\/wp-json\/wp\/v2\/types\/page"}],"author":[{"embeddable":true,"href":"https:\/\/cinemambulante.com\/en\/wp-json\/wp\/v2\/users\/1"}],"replies":[{"embeddable":true,"href":"https:\/\/cinemambulante.com\/en\/wp-json\/wp\/v2\/comments?post=4883"}],"version-history":[{"count":4,"href":"https:\/\/cinemambulante.com\/en\/wp-json\/wp\/v2\/pages\/4883\/revisions"}],"predecessor-version":[{"id":4900,"href":"https:\/\/cinemambulante.com\/en\/wp-json\/wp\/v2\/pages\/4883\/revisions\/4900"}],"wp:attachment":[{"href":"https:\/\/cinemambulante.com\/en\/wp-json\/wp\/v2\/media?parent=4883"}],"curies":[{"name":"wp","href":"https:\/\/api.w.org\/{rel}","templated":true}]}}